{"id":1825,"date":"2023-03-20T08:53:50","date_gmt":"2023-03-20T08:53:50","guid":{"rendered":"https:\/\/toledorepuestos.com.uy\/?page_id=1825"},"modified":"2023-05-27T11:37:39","modified_gmt":"2023-05-27T11:37:39","slug":"servicios","status":"publish","type":"page","link":"https:\/\/toledorepuestos.com.uy\/index.php\/servicios\/","title":{"rendered":"Servicios"},"content":{"rendered":"\t\t<div data-elementor-type=\"wp-page\" data-elementor-id=\"1825\" class=\"elementor elementor-1825\">\n\t\t\t\t\t\t<section class=\"elementor-section elementor-top-section elementor-element elementor-element-2ddc7f0 elementor-section-boxed elementor-section-height-default elementor-section-height-default\" data-id=\"2ddc7f0\" data-element_type=\"section\" data-e-type=\"section\" data-settings=\"{&quot;background_background&quot;:&quot;classic&quot;}\">\n\t\t\t\t\t\t\t<div class=\"elementor-background-overlay\"><\/div>\n\t\t\t\t\t\t\t<div class=\"elementor-container elementor-column-gap-default\">\n\t\t\t\t\t<div class=\"elementor-column elementor-col-100 elementor-top-column elementor-element elementor-element-eab64a4\" data-id=\"eab64a4\" data-element_type=\"column\" data-e-type=\"column\">\n\t\t\t<div class=\"elementor-widget-wrap elementor-element-populated\">\n\t\t\t\t\t\t<div class=\"elementor-element elementor-element-6f435c0 elementor-widget elementor-widget-heading\" data-id=\"6f435c0\" data-element_type=\"widget\" data-e-type=\"widget\" data-widget_type=\"heading.default\">\n\t\t\t\t<div class=\"elementor-widget-container\">\n\t\t\t\t\t<h2 class=\"elementor-heading-title elementor-size-default\">Servicios<\/h2>\t\t\t\t<\/div>\n\t\t\t\t<\/div>\n\t\t\t\t\t<\/div>\n\t\t<\/div>\n\t\t\t\t\t<\/div>\n\t\t<\/section>\n\t\t<div class=\"elementor-element elementor-element-2afe69c e-con-full e-flex e-con e-parent\" data-id=\"2afe69c\" data-element_type=\"container\" data-e-type=\"container\">\n\t\t<div class=\"elementor-element elementor-element-f398545 e-con-full e-flex e-con e-parent\" data-id=\"f398545\" data-element_type=\"container\" data-e-type=\"container\">\n\t\t\t\t<div class=\"elementor-element elementor-element-53d6e8c elementor-widget elementor-widget-image\" data-id=\"53d6e8c\" data-element_type=\"widget\" data-e-type=\"widget\" data-widget_type=\"image.default\">\n\t\t\t\t<div class=\"elementor-widget-container\">\n\t\t\t\t\t\t\t\t\t\t\t\t\t\t\t<img fetchpriority=\"high\" decoding=\"async\" width=\"450\" height=\"600\" src=\"https:\/\/toledorepuestos.com.uy\/wp-content\/uploads\/2023\/04\/Servicios-Repuestos.webp\" class=\"attachment-full size-full wp-image-2220\" alt=\"\" srcset=\"https:\/\/toledorepuestos.com.uy\/wp-content\/uploads\/2023\/04\/Servicios-Repuestos.webp 450w, https:\/\/toledorepuestos.com.uy\/wp-content\/uploads\/2023\/04\/Servicios-Repuestos-225x300.webp 225w\" sizes=\"(max-width: 450px) 100vw, 450px\" title=\"\">\t\t\t\t\t\t\t\t\t\t\t\t\t\t\t<\/div>\n\t\t\t\t<\/div>\n\t\t\t\t<div class=\"elementor-element elementor-element-67393bf elementor-widget elementor-widget-heading\" data-id=\"67393bf\" data-element_type=\"widget\" data-e-type=\"widget\" data-widget_type=\"heading.default\">\n\t\t\t\t<div class=\"elementor-widget-container\">\n\t\t\t\t\t<h2 class=\"elementor-heading-title elementor-size-default\">Venta de Repuestos<\/h2>\t\t\t\t<\/div>\n\t\t\t\t<\/div>\n\t\t\t\t<div class=\"elementor-element elementor-element-00eb844 elementor-widget elementor-widget-text-editor\" data-id=\"00eb844\" data-element_type=\"widget\" data-e-type=\"widget\" data-widget_type=\"text-editor.default\">\n\t\t\t\t<div class=\"elementor-widget-container\">\n\t\t\t\t\t\t\t\t\t<p>Porque tu tiempo vale, contamos con stock permanente y asesoramiento t\u00e9cnico especializado. Adem\u00e1s, cuatro frecuencias de entrega y env\u00edos a todo el Pa\u00eds<\/p>\t\t\t\t\t\t\t\t<\/div>\n\t\t\t\t<\/div>\n\t\t\t\t<\/div>\n\t\t<div class=\"elementor-element elementor-element-29ee2b4 e-con-full e-flex e-con e-parent\" data-id=\"29ee2b4\" data-element_type=\"container\" data-e-type=\"container\">\n\t\t\t\t<div class=\"elementor-element elementor-element-b11d3c6 elementor-widget elementor-widget-image\" data-id=\"b11d3c6\" data-element_type=\"widget\" data-e-type=\"widget\" data-widget_type=\"image.default\">\n\t\t\t\t<div class=\"elementor-widget-container\">\n\t\t\t\t\t\t\t\t\t\t\t\t\t\t\t<img decoding=\"async\" width=\"450\" height=\"600\" src=\"https:\/\/toledorepuestos.com.uy\/wp-content\/uploads\/2023\/04\/Servicios-Agro.webp\" class=\"attachment-full size-full wp-image-2221\" alt=\"\" srcset=\"https:\/\/toledorepuestos.com.uy\/wp-content\/uploads\/2023\/04\/Servicios-Agro.webp 450w, https:\/\/toledorepuestos.com.uy\/wp-content\/uploads\/2023\/04\/Servicios-Agro-225x300.webp 225w\" sizes=\"(max-width: 450px) 100vw, 450px\" title=\"\">\t\t\t\t\t\t\t\t\t\t\t\t\t\t\t<\/div>\n\t\t\t\t<\/div>\n\t\t\t\t<div class=\"elementor-element elementor-element-6d3d4fe elementor-widget elementor-widget-heading\" data-id=\"6d3d4fe\" data-element_type=\"widget\" data-e-type=\"widget\" data-widget_type=\"heading.default\">\n\t\t\t\t<div class=\"elementor-widget-container\">\n\t\t\t\t\t<h2 class=\"elementor-heading-title elementor-size-default\">Repuestos Agricolas<\/h2>\t\t\t\t<\/div>\n\t\t\t\t<\/div>\n\t\t\t\t<div class=\"elementor-element elementor-element-9a76888 elementor-widget elementor-widget-text-editor\" data-id=\"9a76888\" data-element_type=\"widget\" data-e-type=\"widget\" data-widget_type=\"text-editor.default\">\n\t\t\t\t<div class=\"elementor-widget-container\">\n\t\t\t\t\t\t\t\t\t<p style=\"text-align: center;\"><span class=\"WdYUQQ\">Siempre junto al productor y el trabajo nacional, ofrecemos una respuesta espec\u00edfica en insumos y repuestos para el agro con entrega en los menores tiempos del mercado.<\/span><\/p>\t\t\t\t\t\t\t\t<\/div>\n\t\t\t\t<\/div>\n\t\t\t\t<\/div>\n\t\t<div class=\"elementor-element elementor-element-3e2b2dd e-con-full e-flex e-con e-parent\" data-id=\"3e2b2dd\" data-element_type=\"container\" data-e-type=\"container\">\n\t\t\t\t<div class=\"elementor-element elementor-element-41c8906 elementor-widget elementor-widget-image\" data-id=\"41c8906\" data-element_type=\"widget\" data-e-type=\"widget\" data-widget_type=\"image.default\">\n\t\t\t\t<div class=\"elementor-widget-container\">\n\t\t\t\t\t\t\t\t\t\t\t\t\t\t\t<img decoding=\"async\" width=\"450\" height=\"600\" src=\"https:\/\/toledorepuestos.com.uy\/wp-content\/uploads\/2023\/04\/Servicios-Accesorios.webp\" class=\"attachment-full size-full wp-image-2222\" alt=\"\" srcset=\"https:\/\/toledorepuestos.com.uy\/wp-content\/uploads\/2023\/04\/Servicios-Accesorios.webp 450w, https:\/\/toledorepuestos.com.uy\/wp-content\/uploads\/2023\/04\/Servicios-Accesorios-225x300.webp 225w\" sizes=\"(max-width: 450px) 100vw, 450px\" title=\"\">\t\t\t\t\t\t\t\t\t\t\t\t\t\t\t<\/div>\n\t\t\t\t<\/div>\n\t\t\t\t<div class=\"elementor-element elementor-element-e2c90f3 elementor-widget elementor-widget-heading\" data-id=\"e2c90f3\" data-element_type=\"widget\" data-e-type=\"widget\" data-widget_type=\"heading.default\">\n\t\t\t\t<div class=\"elementor-widget-container\">\n\t\t\t\t\t<h2 class=\"elementor-heading-title elementor-size-default\">Venta de Accesorios<\/h2>\t\t\t\t<\/div>\n\t\t\t\t<\/div>\n\t\t\t\t<div class=\"elementor-element elementor-element-c11b0ac elementor-widget elementor-widget-text-editor\" data-id=\"c11b0ac\" data-element_type=\"widget\" data-e-type=\"widget\" data-widget_type=\"text-editor.default\">\n\t\t\t\t<div class=\"elementor-widget-container\">\n\t\t\t\t\t\t\t\t\t<p style=\"text-align: center;\">Por seguridad, mantenimiento, est\u00e9tica y\u00a0funcionalidad, desarrollamos un sector espec\u00edfico de accesorios para todo tipo de veh\u00edculos.<\/p>\t\t\t\t\t\t\t\t<\/div>\n\t\t\t\t<\/div>\n\t\t\t\t<\/div>\n\t\t<div class=\"elementor-element elementor-element-2356e47 e-con-full e-flex e-con e-parent\" data-id=\"2356e47\" data-element_type=\"container\" data-e-type=\"container\">\n\t\t\t\t<div class=\"elementor-element elementor-element-e1d7803 elementor-widget elementor-widget-image\" data-id=\"e1d7803\" data-element_type=\"widget\" data-e-type=\"widget\" data-widget_type=\"image.default\">\n\t\t\t\t<div class=\"elementor-widget-container\">\n\t\t\t\t\t\t\t\t\t\t\t\t\t\t\t<img loading=\"lazy\" decoding=\"async\" width=\"450\" height=\"600\" src=\"https:\/\/toledorepuestos.com.uy\/wp-content\/uploads\/2023\/04\/Servicios-Lubricentro.webp\" class=\"attachment-full size-full wp-image-2223\" alt=\"\" srcset=\"https:\/\/toledorepuestos.com.uy\/wp-content\/uploads\/2023\/04\/Servicios-Lubricentro.webp 450w, https:\/\/toledorepuestos.com.uy\/wp-content\/uploads\/2023\/04\/Servicios-Lubricentro-225x300.webp 225w\" sizes=\"(max-width: 450px) 100vw, 450px\" title=\"\">\t\t\t\t\t\t\t\t\t\t\t\t\t\t\t<\/div>\n\t\t\t\t<\/div>\n\t\t\t\t<div class=\"elementor-element elementor-element-8655008 elementor-widget elementor-widget-heading\" data-id=\"8655008\" data-element_type=\"widget\" data-e-type=\"widget\" data-widget_type=\"heading.default\">\n\t\t\t\t<div class=\"elementor-widget-container\">\n\t\t\t\t\t<h2 class=\"elementor-heading-title elementor-size-default\">Lubricentro<\/h2>\t\t\t\t<\/div>\n\t\t\t\t<\/div>\n\t\t\t\t<div class=\"elementor-element elementor-element-9f40edf elementor-widget elementor-widget-text-editor\" data-id=\"9f40edf\" data-element_type=\"widget\" data-e-type=\"widget\" data-widget_type=\"text-editor.default\">\n\t\t\t\t<div class=\"elementor-widget-container\">\n\t\t\t\t\t\t\t\t\t<p style=\"text-align: center;\">Tecnolog\u00eda de \u00faltima generaci\u00f3n, f\u00e1cil coordinaci\u00f3n y la posibilidad de\u00a0elegir\u00a0entre la mayor oferta de aceites, filtros e insumos del mercado.<\/p>\t\t\t\t\t\t\t\t<\/div>\n\t\t\t\t<\/div>\n\t\t\t\t<\/div>\n\t\t<div class=\"elementor-element elementor-element-468283b e-con-full e-flex e-con e-parent\" data-id=\"468283b\" data-element_type=\"container\" data-e-type=\"container\">\n\t\t\t\t<div class=\"elementor-element elementor-element-387daaf elementor-widget elementor-widget-image\" data-id=\"387daaf\" data-element_type=\"widget\" data-e-type=\"widget\" data-widget_type=\"image.default\">\n\t\t\t\t<div class=\"elementor-widget-container\">\n\t\t\t\t\t\t\t\t\t\t\t\t\t\t\t<img loading=\"lazy\" decoding=\"async\" width=\"450\" height=\"600\" src=\"https:\/\/toledorepuestos.com.uy\/wp-content\/uploads\/2023\/04\/Servicios-Hidraulica.webp\" class=\"attachment-full size-full wp-image-2224\" alt=\"\" srcset=\"https:\/\/toledorepuestos.com.uy\/wp-content\/uploads\/2023\/04\/Servicios-Hidraulica.webp 450w, https:\/\/toledorepuestos.com.uy\/wp-content\/uploads\/2023\/04\/Servicios-Hidraulica-225x300.webp 225w\" sizes=\"(max-width: 450px) 100vw, 450px\" title=\"\">\t\t\t\t\t\t\t\t\t\t\t\t\t\t\t<\/div>\n\t\t\t\t<\/div>\n\t\t\t\t<div class=\"elementor-element elementor-element-cc9fc76 elementor-widget elementor-widget-heading\" data-id=\"cc9fc76\" data-element_type=\"widget\" data-e-type=\"widget\" data-widget_type=\"heading.default\">\n\t\t\t\t<div class=\"elementor-widget-container\">\n\t\t\t\t\t<h2 class=\"elementor-heading-title elementor-size-default\">Hidr\u00e1ulica y Neum\u00e1tica<\/h2>\t\t\t\t<\/div>\n\t\t\t\t<\/div>\n\t\t\t\t<div class=\"elementor-element elementor-element-b695d08 elementor-widget elementor-widget-text-editor\" data-id=\"b695d08\" data-element_type=\"widget\" data-e-type=\"widget\" data-widget_type=\"text-editor.default\">\n\t\t\t\t<div class=\"elementor-widget-container\">\n\t\t\t\t\t\t\t\t\t<p style=\"text-align: center;\">Servicio de fabricaci\u00f3n y reparaci\u00f3n de mangueras en el acto. Insumos y repuestos espec\u00edficos con stock permanente en nuestro local o para env\u00edos.<\/p>\t\t\t\t\t\t\t\t<\/div>\n\t\t\t\t<\/div>\n\t\t\t\t<\/div>\n\t\t\t\t<\/div>\n\t\t\t\t<\/div>\n\t\t","protected":false},"excerpt":{"rendered":"<p>Servicios Venta de Repuestos Porque tu tiempo vale, contamos con stock permanente y asesoramiento t\u00e9cnico especializado. Adem\u00e1s, cuatro frecuencias de entrega y env\u00edos a todo el Pa\u00eds Repuestos Agricolas Siempre junto al productor y el trabajo nacional, ofrecemos una respuesta espec\u00edfica en insumos y repuestos para el agro con entrega en los menores tiempos del [&hellip;]<\/p>\n","protected":false},"author":1,"featured_media":0,"parent":0,"menu_order":0,"comment_status":"closed","ping_status":"closed","template":"","meta":{"site-sidebar-layout":"no-sidebar","site-content-layout":"page-builder","ast-site-content-layout":"default","site-content-style":"default","site-sidebar-style":"default","ast-global-header-display":"","ast-banner-title-visibility":"","ast-main-header-display":"","ast-hfb-above-header-display":"","ast-hfb-below-header-display":"","ast-hfb-mobile-header-display":"","site-post-title":"disabled","ast-breadcrumbs-content":"","ast-featured-img":"disabled","footer-sml-layout":"","ast-disable-related-posts":"","theme-transparent-header-meta":"","adv-header-id-meta":"","stick-header-meta":"","header-above-stick-meta":"","header-main-stick-meta":"","header-below-stick-meta":"","astra-migrate-meta-layouts":"default","ast-page-background-enabled":"default","ast-page-background-meta":{"desktop":{"background-color":"","background-image":"","background-repeat":"repeat","background-position":"center center","background-size":"auto","background-attachment":"scroll","background-type":"","background-media":"","overlay-type":"","overlay-color":"","overlay-opacity":"","overlay-gradient":""},"tablet":{"background-color":"","background-image":"","background-repeat":"repeat","background-position":"center center","background-size":"auto","background-attachment":"scroll","background-type":"","background-media":"","overlay-type":"","overlay-color":"","overlay-opacity":"","overlay-gradient":""},"mobile":{"background-color":"","background-image":"","background-repeat":"repeat","background-position":"center center","background-size":"auto","background-attachment":"scroll","background-type":"","background-media":"","overlay-type":"","overlay-color":"","overlay-opacity":"","overlay-gradient":""}},"ast-content-background-meta":{"desktop":{"background-color":"var(--ast-global-color-5)","background-image":"","background-repeat":"repeat","background-position":"center center","background-size":"auto","background-attachment":"scroll","background-type":"","background-media":"","overlay-type":"","overlay-color":"","overlay-opacity":"","overlay-gradient":""},"tablet":{"background-color":"var(--ast-global-color-5)","background-image":"","background-repeat":"repeat","background-position":"center center","background-size":"auto","background-attachment":"scroll","background-type":"","background-media":"","overlay-type":"","overlay-color":"","overlay-opacity":"","overlay-gradient":""},"mobile":{"background-color":"var(--ast-global-color-5)","background-image":"","background-repeat":"repeat","background-position":"center center","background-size":"auto","background-attachment":"scroll","background-type":"","background-media":"","overlay-type":"","overlay-color":"","overlay-opacity":"","overlay-gradient":""}},"footnotes":""},"class_list":["post-1825","page","type-page","status-publish","hentry"],"_links":{"self":[{"href":"https:\/\/toledorepuestos.com.uy\/index.php\/wp-json\/wp\/v2\/pages\/1825","targetHints":{"allow":["GET"]}}],"collection":[{"href":"https:\/\/toledorepuestos.com.uy\/index.php\/wp-json\/wp\/v2\/pages"}],"about":[{"href":"https:\/\/toledorepuestos.com.uy\/index.php\/wp-json\/wp\/v2\/types\/page"}],"author":[{"embeddable":true,"href":"https:\/\/toledorepuestos.com.uy\/index.php\/wp-json\/wp\/v2\/users\/1"}],"replies":[{"embeddable":true,"href":"https:\/\/toledorepuestos.com.uy\/index.php\/wp-json\/wp\/v2\/comments?post=1825"}],"version-history":[{"count":214,"href":"https:\/\/toledorepuestos.com.uy\/index.php\/wp-json\/wp\/v2\/pages\/1825\/revisions"}],"predecessor-version":[{"id":2732,"href":"https:\/\/toledorepuestos.com.uy\/index.php\/wp-json\/wp\/v2\/pages\/1825\/revisions\/2732"}],"wp:attachment":[{"href":"https:\/\/toledorepuestos.com.uy\/index.php\/wp-json\/wp\/v2\/media?parent=1825"}],"curies":[{"name":"wp","href":"https:\/\/api.w.org\/{rel}","templated":true}]}}